{"id":854,"date":"2022-03-19T17:36:28","date_gmt":"2022-03-19T17:36:28","guid":{"rendered":"http:\/\/www.dinnerleiche.at\/?page_id=854"},"modified":"2025-11-28T14:03:11","modified_gmt":"2025-11-28T14:03:11","slug":"produktion-neu","status":"publish","type":"page","link":"https:\/\/www.dinnerleiche.at\/?page_id=854","title":{"rendered":"Produktionen"},"content":{"rendered":"\n<div class=\"wp-block-group alignwide is-layout-constrained wp-container-core-group-is-layout-55a0b918 wp-block-group-is-layout-constrained\">\n<div class=\"wp-block-media-text alignwide is-stacked-on-mobile is-vertically-aligned-top\" style=\"grid-template-columns:48% auto\"><figure class=\"wp-block-media-text__media\"><img loading=\"lazy\" decoding=\"async\" width=\"600\" height=\"600\" src=\"https:\/\/www.dinnerleiche.at\/wp-content\/uploads\/2023\/01\/MAK_fuer_WEB_Website_dinnerleiche_produktionen_MAK.jpg\" alt=\"\" class=\"wp-image-1315 size-full\" srcset=\"https:\/\/www.dinnerleiche.at\/wp-content\/uploads\/2023\/01\/MAK_fuer_WEB_Website_dinnerleiche_produktionen_MAK.jpg 600w, https:\/\/www.dinnerleiche.at\/wp-content\/uploads\/2023\/01\/MAK_fuer_WEB_Website_dinnerleiche_produktionen_MAK-300x300.jpg 300w, https:\/\/www.dinnerleiche.at\/wp-content\/uploads\/2023\/01\/MAK_fuer_WEB_Website_dinnerleiche_produktionen_MAK-150x150.jpg 150w\" sizes=\"auto, (max-width: 600px) 100vw, 600px\" \/><\/figure><div class=\"wp-block-media-text__content\">\n<h2 class=\"wp-block-heading\">Men\u00fc \u00e0 la Knast<\/h2>\n\n\n\n<p>Nehmen Sie Platz zwischen Berufs- und Gelegenheitsverbrechern: das \u00f6rtliche Gef\u00e4ngnis l\u00e4dt zum Abendessen. Alle Teilnehmer:innen haben wegen guter F\u00fchrung gute Chancen, fr\u00fchzeitig in die Freiheit entlassen zu werden. Doch pl\u00f6tzlich werden aus den Kriminellen Kriminalisten: einer oder eine von ihnen scheint doch mehr zu sein, als kleinkriminell\u2026.<\/p>\n\n\n\n<div class=\"wp-block-buttons is-content-justification-left is-layout-flex wp-container-core-buttons-is-layout-fc4fd283 wp-block-buttons-is-layout-flex\">\n<div class=\"wp-block-button has-custom-font-size is-style-fill\" style=\"font-size:clamp(14px, 0.875rem + ((1vw - 3.2px) * 0.156), 16px);\"><a class=\"wp-block-button__link has-palette-color-7-color has-text-color has-background wp-element-button\" href=\"https:\/\/www.dinnerleiche.at\/?page_id=22\" style=\"border-radius:4px;background-color:#135f7d\">Tickets<\/a><\/div>\n<\/div>\n<\/div><\/div>\n<\/div>\n\n\n\n<div style=\"height:100px\" aria-hidden=\"true\" class=\"wp-block-spacer\"><\/div>\n\n\n\n<div class=\"wp-block-group alignwide is-layout-constrained wp-container-core-group-is-layout-55a0b918 wp-block-group-is-layout-constrained\">\n<div class=\"wp-block-media-text alignwide is-stacked-on-mobile is-vertically-aligned-top\" style=\"grid-template-columns:48% auto\"><figure class=\"wp-block-media-text__media\"><img loading=\"lazy\" decoding=\"async\" width=\"600\" height=\"600\" src=\"https:\/\/www.dinnerleiche.at\/wp-content\/uploads\/2023\/01\/GGZ_fuer_WEB_Website_dinnerleiche_produktionen_MAK.jpg\" alt=\"\" class=\"wp-image-1316 size-full\" srcset=\"https:\/\/www.dinnerleiche.at\/wp-content\/uploads\/2023\/01\/GGZ_fuer_WEB_Website_dinnerleiche_produktionen_MAK.jpg 600w, https:\/\/www.dinnerleiche.at\/wp-content\/uploads\/2023\/01\/GGZ_fuer_WEB_Website_dinnerleiche_produktionen_MAK-300x300.jpg 300w, https:\/\/www.dinnerleiche.at\/wp-content\/uploads\/2023\/01\/GGZ_fuer_WEB_Website_dinnerleiche_produktionen_MAK-150x150.jpg 150w\" sizes=\"auto, (max-width: 600px) 100vw, 600px\" \/><\/figure><div class=\"wp-block-media-text__content\">\n<h2 class=\"wp-block-heading\">Garten (Gift) Zwerge<\/h2>\n\n\n\n<p>Der Kleingartenverein \u201e6 Zwerge\u201c ist in die engere Auswahl f\u00fcr den European Gardening Contest gekommen. Nun brauchen sie eine Idee f\u00fcr den Wettbewerb. Aber wie sollte es anders sein: eine Leiche taucht auf und der M\u00f6rder muss geschnappt werden. Zum Gl\u00fcck wei\u00df man ja: Der M\u00f6rder ist immer der G\u00e4rtner. Aber wenn alle Verd\u00e4chtigen mit Vorliebe im Garten arbeiten?<\/p>\n\n\n\n<div class=\"wp-block-buttons is-content-justification-left is-layout-flex wp-container-core-buttons-is-layout-fc4fd283 wp-block-buttons-is-layout-flex\">\n<div class=\"wp-block-button has-custom-font-size is-style-fill\" style=\"font-size:clamp(14px, 0.875rem + ((1vw - 3.2px) * 0.156), 16px);\"><a class=\"wp-block-button__link has-palette-color-7-color has-text-color has-background wp-element-button\" href=\"https:\/\/www.dinnerleiche.at\/?page_id=22\" style=\"border-radius:4px;background-color:#135f7d\">Tickets<\/a><\/div>\n\n\n\n<div class=\"wp-block-button has-custom-font-size is-style-fill\" style=\"font-size:clamp(14px, 0.875rem + ((1vw - 3.2px) * 0.156), 16px);\"><a class=\"wp-block-button__link has-palette-color-7-color has-text-color has-background wp-element-button\" href=\"#Trailer-GGZ\" style=\"border-radius:4px;background-color:#135f7d\">Trailer<\/a><\/div>\n<\/div>\n<\/div><\/div>\n<\/div>\n\n\n\n<div style=\"height:100px\" aria-hidden=\"true\" class=\"wp-block-spacer\"><\/div>\n\n\n\n<div class=\"wp-block-group alignwide is-layout-constrained wp-container-core-group-is-layout-55a0b918 wp-block-group-is-layout-constrained\">\n<div class=\"wp-block-media-text alignwide is-stacked-on-mobile is-vertically-aligned-top\" style=\"grid-template-columns:48% auto\"><figure class=\"wp-block-media-text__media\"><img loading=\"lazy\" decoding=\"async\" width=\"600\" height=\"600\" src=\"https:\/\/www.dinnerleiche.at\/wp-content\/uploads\/2023\/01\/KCC_fuer_WEB_Website_dinnerleiche_produktionen_MAK.jpg\" alt=\"\" class=\"wp-image-1318 size-full\" srcset=\"https:\/\/www.dinnerleiche.at\/wp-content\/uploads\/2023\/01\/KCC_fuer_WEB_Website_dinnerleiche_produktionen_MAK.jpg 600w, https:\/\/www.dinnerleiche.at\/wp-content\/uploads\/2023\/01\/KCC_fuer_WEB_Website_dinnerleiche_produktionen_MAK-300x300.jpg 300w, https:\/\/www.dinnerleiche.at\/wp-content\/uploads\/2023\/01\/KCC_fuer_WEB_Website_dinnerleiche_produktionen_MAK-150x150.jpg 150w\" sizes=\"auto, (max-width: 600px) 100vw, 600px\" \/><\/figure><div class=\"wp-block-media-text__content\">\n<h2 class=\"wp-block-heading\">Killer con carne<\/h2>\n\n\n\n<p>Auf der Betriebsfeier der Gro\u00dffleischerei Fegan soll eine Ank\u00fcndigung gemacht werden. Wird heute der Senior-Chef Anton Fegan seine Nachfolge bekannt geben? Oder wird er den Betrieb tats\u00e4chlich verkaufen? Oder hat er etwas ganz anderes vor? Aber ein Mord macht dem ganzen einen strich durch die rechnung. Wie geht es weiter mit der Fleischerei Fegan?<\/p>\n\n\n\n<div class=\"wp-block-buttons is-content-justification-left is-layout-flex wp-container-core-buttons-is-layout-fc4fd283 wp-block-buttons-is-layout-flex\">\n<div class=\"wp-block-button has-custom-font-size is-style-fill\" style=\"font-size:clamp(14px, 0.875rem + ((1vw - 3.2px) * 0.156), 16px);\"><a class=\"wp-block-button__link has-palette-color-7-color has-text-color has-background wp-element-button\" href=\"https:\/\/www.dinnerleiche.at\/?page_id=22\" style=\"border-radius:4px;background-color:#135f7d\">Tickets<\/a><\/div>\n<\/div>\n<\/div><\/div>\n<\/div>\n\n\n\n<div style=\"height:100px\" aria-hidden=\"true\" class=\"wp-block-spacer\"><\/div>\n\n\n\n<div class=\"wp-block-group alignwide is-layout-constrained wp-container-core-group-is-layout-55a0b918 wp-block-group-is-layout-constrained\">\n<h2 class=\"alignwide wp-block-heading\">Trailer: Garten (Gift) Zwerge<\/h2>\n\n\n\n<div class=\"wp-block-columns alignwide is-not-stacked-on-mobile is-layout-flex wp-container-core-columns-is-layout-28f84493 wp-block-columns-is-layout-flex\">\n<div class=\"wp-block-column is-layout-flow wp-block-column-is-layout-flow\" id=\"Trailer-GGZ\">\n<figure class=\"wp-block-embed is-type-video is-provider-youtube wp-block-embed-youtube wp-embed-aspect-16-9 wp-has-aspect-ratio\"><div class=\"wp-block-embed__wrapper\">\n<iframe loading=\"lazy\" title=\"Trailer: Garten (Gift) Zwerge\" width=\"1778\" height=\"1000\" src=\"https:\/\/www.youtube.com\/embed\/MNjd31nynVQ?feature=oembed\" frameborder=\"0\" allow=\"accelerometer; autoplay; clipboard-write; encrypted-media; gyroscope; picture-in-picture; web-share\" allowfullscreen><\/iframe>\n<\/div><\/figure>\n<\/div>\n<\/div>\n<\/div>\n","protected":false},"excerpt":{"rendered":"<p>Men\u00fc \u00e0 la Knast Nehmen Sie Platz zwischen Berufs- und Gelegenheitsverbrechern: das \u00f6rtliche Gef\u00e4ngnis l\u00e4dt zum Abendessen. Alle Teilnehmer:innen haben wegen guter F\u00fchrung gute Chancen, fr\u00fchzeitig in die Freiheit entlassen [&hellip;]<\/p>\n","protected":false},"author":1,"featured_media":0,"parent":0,"menu_order":0,"comment_status":"closed","ping_status":"closed","template":"","meta":{"footnotes":""},"class_list":["post-854","page","type-page","status-publish","hentry"],"blocksy_meta":{"styles_descriptor":{"styles":{"desktop":"","tablet":"","mobile":""},"google_fonts":[],"version":6}},"_links":{"self":[{"href":"https:\/\/www.dinnerleiche.at\/index.php?rest_route=\/wp\/v2\/pages\/854","targetHints":{"allow":["GET"]}}],"collection":[{"href":"https:\/\/www.dinnerleiche.at\/index.php?rest_route=\/wp\/v2\/pages"}],"about":[{"href":"https:\/\/www.dinnerleiche.at\/index.php?rest_route=\/wp\/v2\/types\/page"}],"author":[{"embeddable":true,"href":"https:\/\/www.dinnerleiche.at\/index.php?rest_route=\/wp\/v2\/users\/1"}],"replies":[{"embeddable":true,"href":"https:\/\/www.dinnerleiche.at\/index.php?rest_route=%2Fwp%2Fv2%2Fcomments&post=854"}],"version-history":[{"count":46,"href":"https:\/\/www.dinnerleiche.at\/index.php?rest_route=\/wp\/v2\/pages\/854\/revisions"}],"predecessor-version":[{"id":1408,"href":"https:\/\/www.dinnerleiche.at\/index.php?rest_route=\/wp\/v2\/pages\/854\/revisions\/1408"}],"wp:attachment":[{"href":"https:\/\/www.dinnerleiche.at\/index.php?rest_route=%2Fwp%2Fv2%2Fmedia&parent=854"}],"curies":[{"name":"wp","href":"https:\/\/api.w.org\/{rel}","templated":true}]}}